{"id":26,"date":"2023-07-06T08:20:27","date_gmt":"2023-07-06T08:20:27","guid":{"rendered":"https:\/\/www.kunstloft.fr\/magazine\/?page_id=26"},"modified":"2025-07-24T14:51:13","modified_gmt":"2025-07-24T12:51:13","slug":"mentions-legales","status":"publish","type":"page","link":"https:\/\/www.kunstloft.fr\/magazine\/mentions-legales\/","title":{"rendered":"Mentions l\u00e9gales"},"content":{"rendered":"\t\t<div data-elementor-type=\"wp-page\" data-elementor-id=\"26\" class=\"elementor elementor-26\">\n\t\t\t\t\t\t<section class=\"elementor-section elementor-top-section elementor-element elementor-element-77a7c7d elementor-section-boxed elementor-section-height-default elementor-section-height-default\" data-id=\"77a7c7d\" data-element_type=\"section\">\n\t\t\t\t\t\t<div class=\"elementor-container elementor-column-gap-default\">\n\t\t\t\t\t<div class=\"elementor-column elementor-col-33 elementor-top-column elementor-element elementor-element-336ef98\" data-id=\"336ef98\" data-element_type=\"column\">\n\t\t\t<div class=\"elementor-widget-wrap elementor-element-populated\">\n\t\t\t\t\t\t<div class=\"elementor-element elementor-element-e673c3b elementor-widget elementor-widget-spacer\" data-id=\"e673c3b\" data-element_type=\"widget\" data-widget_type=\"spacer.default\">\n\t\t\t\t<div class=\"elementor-widget-container\">\n\t\t\t\t\t\t\t<div class=\"elementor-spacer\">\n\t\t\t<div class=\"elementor-spacer-inner\"><\/div>\n\t\t<\/div>\n\t\t\t\t\t\t<\/div>\n\t\t\t\t<\/div>\n\t\t\t\t<div class=\"elementor-element elementor-element-e28890b elementor-widget elementor-widget-heading\" data-id=\"e28890b\" data-element_type=\"widget\" data-widget_type=\"heading.default\">\n\t\t\t\t<div class=\"elementor-widget-container\">\n\t\t\t\t\t<h3 class=\"elementor-heading-title elementor-size-medium\">Informations<\/h3>\t\t\t\t<\/div>\n\t\t\t\t<\/div>\n\t\t\t\t<div class=\"elementor-element elementor-element-2399f1d elementor-widget elementor-widget-text-editor\" data-id=\"2399f1d\" data-element_type=\"widget\" data-widget_type=\"text-editor.default\">\n\t\t\t\t<div class=\"elementor-widget-container\">\n\t\t\t\t\t\t\t\t\t<ul><li><a href=\"https:\/\/www.kunstloft.fr\/questions-les-plus-demandees\">FAQ &#8211; Questions les plus demand\u00e9es<\/a><\/li><li><a href=\"https:\/\/www.kunstloft.fr\/a-propos\/\">A propos de nous<\/a><\/li><li><a href=\"https:\/\/www.kunstloft.fr\/paiement-et-envoi\/\">Exp\u00e9dition et conditions de paiement<\/a><\/li><li><a href=\"https:\/\/www.kunstloft.fr\/confidentialite\/\">Politique de confidentialit\u00e9<\/a><\/li><li><a href=\"https:\/\/www.kunstloft.fr\/droit-de-revocation\/\">Droit d&rsquo;annulation<\/a><\/li><li><a href=\"https:\/\/kunstloft.fr\/conditions-generales-de-vente\/\">CONDITIONS G\u00c9N\u00c9RALES D&rsquo;UTILISATION<\/a><\/li><li><a href=\"https:\/\/www.kunstloft.fr\/contact\/\">Contact<\/a><\/li><li><a href=\"https:\/\/www.kunstloft.fr\/newsletter\">Newsletter<\/a><\/li><\/ul>\t\t\t\t\t\t\t\t<\/div>\n\t\t\t\t<\/div>\n\t\t\t\t\t<\/div>\n\t\t<\/div>\n\t\t\t\t<div class=\"elementor-column elementor-col-66 elementor-top-column elementor-element elementor-element-e9feeb9\" data-id=\"e9feeb9\" data-element_type=\"column\">\n\t\t\t<div class=\"elementor-widget-wrap elementor-element-populated\">\n\t\t\t\t\t\t<div class=\"elementor-element elementor-element-47bbc29 elementor-widget elementor-widget-image\" data-id=\"47bbc29\" data-element_type=\"widget\" data-widget_type=\"image.default\">\n\t\t\t\t<div class=\"elementor-widget-container\">\n\t\t\t\t\t\t\t\t\t\t\t\t\t\t\t<img decoding=\"async\" width=\"300\" height=\"65\" src=\"https:\/\/www.kunstloft.fr\/magazine\/wp-content\/uploads\/2024\/01\/kunstloft-logo-web-CH-v01-300x65.png\" class=\"attachment-medium size-medium wp-image-11338\" alt=\"\" srcset=\"https:\/\/www.kunstloft.fr\/magazine\/wp-content\/uploads\/2024\/01\/kunstloft-logo-web-CH-v01-300x65.png 300w, https:\/\/www.kunstloft.fr\/magazine\/wp-content\/uploads\/2024\/01\/kunstloft-logo-web-CH-v01-768x167.png 768w, https:\/\/www.kunstloft.fr\/magazine\/wp-content\/uploads\/2024\/01\/kunstloft-logo-web-CH-v01-640x140.png 640w, https:\/\/www.kunstloft.fr\/magazine\/wp-content\/uploads\/2024\/01\/kunstloft-logo-web-CH-v01.png 867w\" sizes=\"100vw\" \/>\t\t\t\t\t\t\t\t\t\t\t\t\t\t\t<\/div>\n\t\t\t\t<\/div>\n\t\t\t\t<div class=\"elementor-element elementor-element-1897647 elementor-widget elementor-widget-spacer\" data-id=\"1897647\" data-element_type=\"widget\" data-widget_type=\"spacer.default\">\n\t\t\t\t<div class=\"elementor-widget-container\">\n\t\t\t\t\t\t\t<div class=\"elementor-spacer\">\n\t\t\t<div class=\"elementor-spacer-inner\"><\/div>\n\t\t<\/div>\n\t\t\t\t\t\t<\/div>\n\t\t\t\t<\/div>\n\t\t\t\t<div class=\"elementor-element elementor-element-483254f elementor-widget elementor-widget-text-editor\" data-id=\"483254f\" data-element_type=\"widget\" data-widget_type=\"text-editor.default\">\n\t\t\t\t<div class=\"elementor-widget-container\">\n\t\t\t\t\t\t\t\t\t<p><strong>KUNSTLOFT est une marque de la soci\u00e9t\u00e9<\/strong><\/p><p><strong>Boost Internet GmbH<\/strong><br \/>repr\u00e9sent\u00e9e par le directeur g\u00e9n\u00e9ral Christian B\u00fccherl, Hendrik Grallert M.A.<\/p><p>Wei\u00dfenfelder Str. 5-7<br \/>85551 Kirchheim bei M\u00fcnchen<br \/>Allemagne<\/p><p><strong>T\u00e9l\u00e9phone :<\/strong> <a href=\"tel:08945212737\">+49 89 45212737<\/a><br \/><strong>E-Mail:<\/strong>\u00a0<a href=\"mailto:magazine@kunstloft.fr\">magazine@kunstloft.fr<\/a><\/p><p><strong>Num\u00e9ro d&rsquo;identification TVA :<\/strong> DE272921255<br \/>Inscrit au le registre de commerce du tribunal de commerce M\u00fcnchen<br \/>Num\u00e9ro de registre de commerce HRB 186965<\/p>\t\t\t\t\t\t\t\t<\/div>\n\t\t\t\t<\/div>\n\t\t\t\t<div class=\"elementor-element elementor-element-e277204 elementor-widget elementor-widget-text-editor\" data-id=\"e277204\" data-element_type=\"widget\" data-widget_type=\"text-editor.default\">\n\t\t\t\t<div class=\"elementor-widget-container\">\n\t\t\t\t\t\t\t\t\t<p>Nous ne sommes pas pr\u00eats, et ne sommes pas tenus, de participer \u00e0 une proc\u00e9dure de r\u00e8glement des litiges devant un organisme de conciliation pour les consommateurs.<\/p><p><strong>Sources des images et graphiques utilis\u00e9s :<\/strong><\/p><p><a href=\"https:\/\/www.kunstloft.de\/bildnachweis\/\">Cr\u00e9dits photographiques<\/a><\/p>\t\t\t\t\t\t\t\t<\/div>\n\t\t\t\t<\/div>\n\t\t\t\t\t<\/div>\n\t\t<\/div>\n\t\t\t\t\t<\/div>\n\t\t<\/section>\n\t\t\t\t<section class=\"elementor-section elementor-top-section elementor-element elementor-element-815cdcc elementor-section-boxed elementor-section-height-default elementor-section-height-default\" data-id=\"815cdcc\" data-element_type=\"section\">\n\t\t\t\t\t\t<div class=\"elementor-container elementor-column-gap-default\">\n\t\t\t\t\t<div class=\"elementor-column elementor-col-100 elementor-top-column elementor-element elementor-element-bd095ca\" data-id=\"bd095ca\" data-element_type=\"column\">\n\t\t\t<div class=\"elementor-widget-wrap elementor-element-populated\">\n\t\t\t\t\t\t<div class=\"elementor-element elementor-element-03adef2 elementor-widget elementor-widget-spacer\" data-id=\"03adef2\" data-element_type=\"widget\" data-widget_type=\"spacer.default\">\n\t\t\t\t<div class=\"elementor-widget-container\">\n\t\t\t\t\t\t\t<div class=\"elementor-spacer\">\n\t\t\t<div class=\"elementor-spacer-inner\"><\/div>\n\t\t<\/div>\n\t\t\t\t\t\t<\/div>\n\t\t\t\t<\/div>\n\t\t\t\t\t<\/div>\n\t\t<\/div>\n\t\t\t\t\t<\/div>\n\t\t<\/section>\n\t\t\t\t<\/div>\n\t\t","protected":false},"excerpt":{"rendered":"<p>Informations FAQ &#8211; Questions les plus demand\u00e9es A propos de nous Exp\u00e9dition et conditions de paiement Politique de confidentialit\u00e9 Droit d&rsquo;annulation CONDITIONS G\u00c9N\u00c9RALES D&rsquo;UTILISATION Contact Newsletter KUNSTLOFT est une marque de la soci\u00e9t\u00e9 Boost Internet GmbHrepr\u00e9sent\u00e9e par le directeur g\u00e9n\u00e9ral Christian B\u00fccherl, Hendrik Grallert M.A. Wei\u00dfenfelder Str. 5-785551 Kirchheim bei M\u00fcnchenAllemagne T\u00e9l\u00e9phone : +49 89 &hellip; <\/p>\n<p class=\"link-more\"><a href=\"https:\/\/www.kunstloft.fr\/magazine\/mentions-legales\/\" class=\"more-link\">Lire la suite de<span class=\"screen-reader-text\">\u00ab\u00a0Mentions l\u00e9gales\u00a0\u00bb<\/span><\/a><\/p>\n","protected":false},"author":1,"featured_media":0,"parent":0,"menu_order":0,"comment_status":"closed","ping_status":"closed","template":"","meta":{"footnotes":""},"class_list":["post-26","page","type-page","status-publish","hentry"],"yoast_head":"<!-- This site is optimized with the Yoast SEO plugin v26.5 - https:\/\/yoast.com\/wordpress\/plugins\/seo\/ -->\n<title>Mentions l\u00e9gales - KunstLoft Magazine<\/title>\n<meta name=\"description\" content=\"Mentions l\u00e9gales - KunstLoft Magazine\" \/>\n<meta name=\"robots\" content=\"index, follow, max-snippet:-1, max-image-preview:large, max-video-preview:-1\" \/>\n<link rel=\"canonical\" href=\"https:\/\/www.kunstloft.fr\/magazine\/mentions-legales\/\" \/>\n<meta property=\"og:locale\" content=\"fr_FR\" \/>\n<meta property=\"og:type\" content=\"article\" \/>\n<meta property=\"og:title\" content=\"Mentions l\u00e9gales - KunstLoft Magazine\" \/>\n<meta property=\"og:description\" content=\"Mentions l\u00e9gales - KunstLoft Magazine\" \/>\n<meta property=\"og:url\" content=\"https:\/\/www.kunstloft.fr\/magazine\/mentions-legales\/\" \/>\n<meta property=\"og:site_name\" content=\"KUNSTLOFT\" \/>\n<meta property=\"article:publisher\" content=\"https:\/\/www.facebook.com\/kunstloft.fr\/\" \/>\n<meta property=\"article:modified_time\" content=\"2025-07-24T12:51:13+00:00\" \/>\n<meta property=\"og:image\" content=\"https:\/\/www.kunstloft.fr\/magazine\/wp-content\/uploads\/2024\/01\/kunstloft-logo-web-CH-v01-300x65.png\" \/>\n<meta name=\"twitter:card\" content=\"summary_large_image\" \/>\n<meta name=\"twitter:label1\" content=\"Dur\u00e9e de lecture estim\u00e9e\" \/>\n\t<meta name=\"twitter:data1\" content=\"1 minute\" \/>\n<script type=\"application\/ld+json\" class=\"yoast-schema-graph\">{\"@context\":\"https:\/\/schema.org\",\"@graph\":[{\"@type\":\"WebPage\",\"@id\":\"https:\/\/www.kunstloft.fr\/magazine\/mentions-legales\/\",\"url\":\"https:\/\/www.kunstloft.fr\/magazine\/mentions-legales\/\",\"name\":\"Mentions l\u00e9gales - KunstLoft Magazine\",\"isPartOf\":{\"@id\":\"https:\/\/www.kunstloft.fr\/magazine\/#website\"},\"primaryImageOfPage\":{\"@id\":\"https:\/\/www.kunstloft.fr\/magazine\/mentions-legales\/#primaryimage\"},\"image\":{\"@id\":\"https:\/\/www.kunstloft.fr\/magazine\/mentions-legales\/#primaryimage\"},\"thumbnailUrl\":\"https:\/\/www.kunstloft.fr\/magazine\/wp-content\/uploads\/2024\/01\/kunstloft-logo-web-CH-v01-300x65.png\",\"datePublished\":\"2023-07-06T08:20:27+00:00\",\"dateModified\":\"2025-07-24T12:51:13+00:00\",\"description\":\"Mentions l\u00e9gales - KunstLoft Magazine\",\"breadcrumb\":{\"@id\":\"https:\/\/www.kunstloft.fr\/magazine\/mentions-legales\/#breadcrumb\"},\"inLanguage\":\"fr-FR\",\"potentialAction\":[{\"@type\":\"ReadAction\",\"target\":[\"https:\/\/www.kunstloft.fr\/magazine\/mentions-legales\/\"]}]},{\"@type\":\"ImageObject\",\"inLanguage\":\"fr-FR\",\"@id\":\"https:\/\/www.kunstloft.fr\/magazine\/mentions-legales\/#primaryimage\",\"url\":\"https:\/\/www.kunstloft.fr\/magazine\/wp-content\/uploads\/2024\/01\/kunstloft-logo-web-CH-v01.png\",\"contentUrl\":\"https:\/\/www.kunstloft.fr\/magazine\/wp-content\/uploads\/2024\/01\/kunstloft-logo-web-CH-v01.png\",\"width\":867,\"height\":189},{\"@type\":\"BreadcrumbList\",\"@id\":\"https:\/\/www.kunstloft.fr\/magazine\/mentions-legales\/#breadcrumb\",\"itemListElement\":[{\"@type\":\"ListItem\",\"position\":1,\"name\":\"Home\",\"item\":\"https:\/\/www.kunstloft.fr\/magazine\/\"},{\"@type\":\"ListItem\",\"position\":2,\"name\":\"Mentions l\u00e9gales\"}]},{\"@type\":\"WebSite\",\"@id\":\"https:\/\/www.kunstloft.fr\/magazine\/#website\",\"url\":\"https:\/\/www.kunstloft.fr\/magazine\/\",\"name\":\"KUNSTLOFT\",\"description\":\"Magazine\",\"publisher\":{\"@id\":\"https:\/\/www.kunstloft.fr\/magazine\/#organization\"},\"potentialAction\":[{\"@type\":\"SearchAction\",\"target\":{\"@type\":\"EntryPoint\",\"urlTemplate\":\"https:\/\/www.kunstloft.fr\/magazine\/?s={search_term_string}\"},\"query-input\":{\"@type\":\"PropertyValueSpecification\",\"valueRequired\":true,\"valueName\":\"search_term_string\"}}],\"inLanguage\":\"fr-FR\"},{\"@type\":\"Organization\",\"@id\":\"https:\/\/www.kunstloft.fr\/magazine\/#organization\",\"name\":\"KUNSTLOFT\",\"url\":\"https:\/\/www.kunstloft.fr\/magazine\/\",\"logo\":{\"@type\":\"ImageObject\",\"inLanguage\":\"fr-FR\",\"@id\":\"https:\/\/www.kunstloft.fr\/magazine\/#\/schema\/logo\/image\/\",\"url\":\"https:\/\/www.kunstloft.fr\/magazine\/wp-content\/uploads\/2023\/06\/Logo-Kunstloft-377x377-1.png\",\"contentUrl\":\"https:\/\/www.kunstloft.fr\/magazine\/wp-content\/uploads\/2023\/06\/Logo-Kunstloft-377x377-1.png\",\"width\":377,\"height\":377,\"caption\":\"KUNSTLOFT\"},\"image\":{\"@id\":\"https:\/\/www.kunstloft.fr\/magazine\/#\/schema\/logo\/image\/\"},\"sameAs\":[\"https:\/\/www.facebook.com\/kunstloft.fr\/\",\"https:\/\/www.instagram.com\/kunstloft\/\"]}]}<\/script>\n<!-- \/ Yoast SEO plugin. -->","yoast_head_json":{"title":"Mentions l\u00e9gales - KunstLoft Magazine","description":"Mentions l\u00e9gales - KunstLoft Magazine","robots":{"index":"index","follow":"follow","max-snippet":"max-snippet:-1","max-image-preview":"max-image-preview:large","max-video-preview":"max-video-preview:-1"},"canonical":"https:\/\/www.kunstloft.fr\/magazine\/mentions-legales\/","og_locale":"fr_FR","og_type":"article","og_title":"Mentions l\u00e9gales - KunstLoft Magazine","og_description":"Mentions l\u00e9gales - KunstLoft Magazine","og_url":"https:\/\/www.kunstloft.fr\/magazine\/mentions-legales\/","og_site_name":"KUNSTLOFT","article_publisher":"https:\/\/www.facebook.com\/kunstloft.fr\/","article_modified_time":"2025-07-24T12:51:13+00:00","og_image":[{"url":"https:\/\/www.kunstloft.fr\/magazine\/wp-content\/uploads\/2024\/01\/kunstloft-logo-web-CH-v01-300x65.png","type":"","width":"","height":""}],"twitter_card":"summary_large_image","twitter_misc":{"Dur\u00e9e de lecture estim\u00e9e":"1 minute"},"schema":{"@context":"https:\/\/schema.org","@graph":[{"@type":"WebPage","@id":"https:\/\/www.kunstloft.fr\/magazine\/mentions-legales\/","url":"https:\/\/www.kunstloft.fr\/magazine\/mentions-legales\/","name":"Mentions l\u00e9gales - KunstLoft Magazine","isPartOf":{"@id":"https:\/\/www.kunstloft.fr\/magazine\/#website"},"primaryImageOfPage":{"@id":"https:\/\/www.kunstloft.fr\/magazine\/mentions-legales\/#primaryimage"},"image":{"@id":"https:\/\/www.kunstloft.fr\/magazine\/mentions-legales\/#primaryimage"},"thumbnailUrl":"https:\/\/www.kunstloft.fr\/magazine\/wp-content\/uploads\/2024\/01\/kunstloft-logo-web-CH-v01-300x65.png","datePublished":"2023-07-06T08:20:27+00:00","dateModified":"2025-07-24T12:51:13+00:00","description":"Mentions l\u00e9gales - KunstLoft Magazine","breadcrumb":{"@id":"https:\/\/www.kunstloft.fr\/magazine\/mentions-legales\/#breadcrumb"},"inLanguage":"fr-FR","potentialAction":[{"@type":"ReadAction","target":["https:\/\/www.kunstloft.fr\/magazine\/mentions-legales\/"]}]},{"@type":"ImageObject","inLanguage":"fr-FR","@id":"https:\/\/www.kunstloft.fr\/magazine\/mentions-legales\/#primaryimage","url":"https:\/\/www.kunstloft.fr\/magazine\/wp-content\/uploads\/2024\/01\/kunstloft-logo-web-CH-v01.png","contentUrl":"https:\/\/www.kunstloft.fr\/magazine\/wp-content\/uploads\/2024\/01\/kunstloft-logo-web-CH-v01.png","width":867,"height":189},{"@type":"BreadcrumbList","@id":"https:\/\/www.kunstloft.fr\/magazine\/mentions-legales\/#breadcrumb","itemListElement":[{"@type":"ListItem","position":1,"name":"Home","item":"https:\/\/www.kunstloft.fr\/magazine\/"},{"@type":"ListItem","position":2,"name":"Mentions l\u00e9gales"}]},{"@type":"WebSite","@id":"https:\/\/www.kunstloft.fr\/magazine\/#website","url":"https:\/\/www.kunstloft.fr\/magazine\/","name":"KUNSTLOFT","description":"Magazine","publisher":{"@id":"https:\/\/www.kunstloft.fr\/magazine\/#organization"},"potentialAction":[{"@type":"SearchAction","target":{"@type":"EntryPoint","urlTemplate":"https:\/\/www.kunstloft.fr\/magazine\/?s={search_term_string}"},"query-input":{"@type":"PropertyValueSpecification","valueRequired":true,"valueName":"search_term_string"}}],"inLanguage":"fr-FR"},{"@type":"Organization","@id":"https:\/\/www.kunstloft.fr\/magazine\/#organization","name":"KUNSTLOFT","url":"https:\/\/www.kunstloft.fr\/magazine\/","logo":{"@type":"ImageObject","inLanguage":"fr-FR","@id":"https:\/\/www.kunstloft.fr\/magazine\/#\/schema\/logo\/image\/","url":"https:\/\/www.kunstloft.fr\/magazine\/wp-content\/uploads\/2023\/06\/Logo-Kunstloft-377x377-1.png","contentUrl":"https:\/\/www.kunstloft.fr\/magazine\/wp-content\/uploads\/2023\/06\/Logo-Kunstloft-377x377-1.png","width":377,"height":377,"caption":"KUNSTLOFT"},"image":{"@id":"https:\/\/www.kunstloft.fr\/magazine\/#\/schema\/logo\/image\/"},"sameAs":["https:\/\/www.facebook.com\/kunstloft.fr\/","https:\/\/www.instagram.com\/kunstloft\/"]}]}},"_links":{"self":[{"href":"https:\/\/www.kunstloft.fr\/magazine\/wp-json\/wp\/v2\/pages\/26","targetHints":{"allow":["GET"]}}],"collection":[{"href":"https:\/\/www.kunstloft.fr\/magazine\/wp-json\/wp\/v2\/pages"}],"about":[{"href":"https:\/\/www.kunstloft.fr\/magazine\/wp-json\/wp\/v2\/types\/page"}],"author":[{"embeddable":true,"href":"https:\/\/www.kunstloft.fr\/magazine\/wp-json\/wp\/v2\/users\/1"}],"replies":[{"embeddable":true,"href":"https:\/\/www.kunstloft.fr\/magazine\/wp-json\/wp\/v2\/comments?post=26"}],"version-history":[{"count":29,"href":"https:\/\/www.kunstloft.fr\/magazine\/wp-json\/wp\/v2\/pages\/26\/revisions"}],"predecessor-version":[{"id":49189,"href":"https:\/\/www.kunstloft.fr\/magazine\/wp-json\/wp\/v2\/pages\/26\/revisions\/49189"}],"wp:attachment":[{"href":"https:\/\/www.kunstloft.fr\/magazine\/wp-json\/wp\/v2\/media?parent=26"}],"curies":[{"name":"wp","href":"https:\/\/api.w.org\/{rel}","templated":true}]}}